{"id":831,"date":"2021-10-28T09:38:20","date_gmt":"2021-10-28T14:38:20","guid":{"rendered":"https:\/\/demosites.royal-elementor-addons.com\/cryptocurrency-v1\/?page_id=831"},"modified":"2025-04-17T12:46:12","modified_gmt":"2025-04-17T17:46:12","slug":"nosotros","status":"publish","type":"page","link":"https:\/\/cliktelecomunicaciones.com.co\/?page_id=831","title":{"rendered":"Nosotros"},"content":{"rendered":"\t\t<div data-elementor-type=\"wp-page\" data-elementor-id=\"831\" class=\"elementor elementor-831\">\n\t\t\t\t\t\t<section class=\"elementor-section elementor-top-section elementor-element elementor-element-7c38acb elementor-section-full_width elementor-section-height-default elementor-section-height-default wpr-particle-no wpr-jarallax-no wpr-parallax-no wpr-sticky-section-no\" data-id=\"7c38acb\" data-element_type=\"section\">\n\t\t\t\t\t\t<div class=\"elementor-container elementor-column-gap-extended\">\n\t\t\t\t\t<div class=\"elementor-column elementor-col-100 elementor-top-column elementor-element elementor-element-76e71cd\" data-id=\"76e71cd\" data-element_type=\"column\">\n\t\t\t<div class=\"elementor-widget-wrap elementor-element-populated\">\n\t\t\t\t\t\t<div class=\"elementor-element elementor-element-0af2d45 elementor-widget elementor-widget-image\" data-id=\"0af2d45\" data-element_type=\"widget\" data-widget_type=\"image.default\">\n\t\t\t\t<div class=\"elementor-widget-container\">\n\t\t\t\t\t\t\t\t\t\t\t\t\t\t\t<img fetchpriority=\"high\" decoding=\"async\" width=\"1280\" height=\"291\" src=\"https:\/\/cliktelecomunicaciones.com.co\/wp-content\/uploads\/2021\/12\/PHOTO-2025-04-09-23-15-58.jpg\" class=\"attachment-full size-full wp-image-5232\" alt=\"\" srcset=\"https:\/\/cliktelecomunicaciones.com.co\/wp-content\/uploads\/2021\/12\/PHOTO-2025-04-09-23-15-58.jpg 1280w, https:\/\/cliktelecomunicaciones.com.co\/wp-content\/uploads\/2021\/12\/PHOTO-2025-04-09-23-15-58-300x68.jpg 300w, https:\/\/cliktelecomunicaciones.com.co\/wp-content\/uploads\/2021\/12\/PHOTO-2025-04-09-23-15-58-1024x233.jpg 1024w, https:\/\/cliktelecomunicaciones.com.co\/wp-content\/uploads\/2021\/12\/PHOTO-2025-04-09-23-15-58-768x175.jpg 768w, https:\/\/cliktelecomunicaciones.com.co\/wp-content\/uploads\/2021\/12\/PHOTO-2025-04-09-23-15-58-200x45.jpg 200w, https:\/\/cliktelecomunicaciones.com.co\/wp-content\/uploads\/2021\/12\/PHOTO-2025-04-09-23-15-58-24x5.jpg 24w, https:\/\/cliktelecomunicaciones.com.co\/wp-content\/uploads\/2021\/12\/PHOTO-2025-04-09-23-15-58-36x8.jpg 36w, https:\/\/cliktelecomunicaciones.com.co\/wp-content\/uploads\/2021\/12\/PHOTO-2025-04-09-23-15-58-48x11.jpg 48w\" sizes=\"(max-width: 1280px) 100vw, 1280px\" \/>\t\t\t\t\t\t\t\t\t\t\t\t\t\t\t<\/div>\n\t\t\t\t<\/div>\n\t\t\t\t\t<\/div>\n\t\t<\/div>\n\t\t\t\t\t<\/div>\n\t\t<\/section>\n\t\t\t\t<section class=\"elementor-section elementor-top-section elementor-element elementor-element-21c5e40 elementor-section-boxed elementor-section-height-default elementor-section-height-default wpr-particle-no wpr-jarallax-no wpr-parallax-no wpr-sticky-section-no\" data-id=\"21c5e40\" data-element_type=\"section\" data-settings=\"{&quot;background_background&quot;:&quot;gradient&quot;,&quot;shape_divider_top&quot;:&quot;curve&quot;,&quot;shape_divider_bottom&quot;:&quot;mountains&quot;}\">\n\t\t\t\t\t\t\t<div class=\"elementor-background-overlay\"><\/div>\n\t\t\t\t\t\t<div class=\"elementor-shape elementor-shape-top\" aria-hidden=\"true\" data-negative=\"false\">\n\t\t\t<svg xmlns=\"http:\/\/www.w3.org\/2000\/svg\" viewBox=\"0 0 1000 100\" preserveAspectRatio=\"none\">\n    <path class=\"elementor-shape-fill\" d=\"M1000,4.3V0H0v4.3C0.9,23.1,126.7,99.2,500,100S1000,22.7,1000,4.3z\"\/>\n<\/svg>\t\t<\/div>\n\t\t\t\t<div class=\"elementor-shape elementor-shape-bottom\" aria-hidden=\"true\" data-negative=\"false\">\n\t\t\t<svg xmlns=\"http:\/\/www.w3.org\/2000\/svg\" viewBox=\"0 0 1000 100\" preserveAspectRatio=\"none\">\n\t<path class=\"elementor-shape-fill\" opacity=\"0.33\" d=\"M473,67.3c-203.9,88.3-263.1-34-320.3,0C66,119.1,0,59.7,0,59.7V0h1000v59.7 c0,0-62.1,26.1-94.9,29.3c-32.8,3.3-62.8-12.3-75.8-22.1C806,49.6,745.3,8.7,694.9,4.7S492.4,59,473,67.3z\"\/>\n\t<path class=\"elementor-shape-fill\" opacity=\"0.66\" d=\"M734,67.3c-45.5,0-77.2-23.2-129.1-39.1c-28.6-8.7-150.3-10.1-254,39.1 s-91.7-34.4-149.2,0C115.7,118.3,0,39.8,0,39.8V0h1000v36.5c0,0-28.2-18.5-92.1-18.5C810.2,18.1,775.7,67.3,734,67.3z\"\/>\n\t<path class=\"elementor-shape-fill\" d=\"M766.1,28.9c-200-57.5-266,65.5-395.1,19.5C242,1.8,242,5.4,184.8,20.6C128,35.8,132.3,44.9,89.9,52.5C28.6,63.7,0,0,0,0 h1000c0,0-9.9,40.9-83.6,48.1S829.6,47,766.1,28.9z\"\/>\n<\/svg>\t\t<\/div>\n\t\t\t\t\t<div class=\"elementor-container elementor-column-gap-default\">\n\t\t\t\t\t<div class=\"elementor-column elementor-col-50 elementor-top-column elementor-element elementor-element-d1b9ba0\" data-id=\"d1b9ba0\" data-element_type=\"column\">\n\t\t\t<div class=\"elementor-widget-wrap elementor-element-populated\">\n\t\t\t\t\t\t<div class=\"elementor-element elementor-element-0414aeb elementor-invisible elementor-widget elementor-widget-heading\" data-id=\"0414aeb\" data-element_type=\"widget\" data-settings=\"{&quot;_animation&quot;:&quot;slideInLeft&quot;}\" data-widget_type=\"heading.default\">\n\t\t\t\t<div class=\"elementor-widget-container\">\n\t\t\t\t\t<h2 class=\"elementor-heading-title elementor-size-default\">Clik Comunicaciones<\/h2>\t\t\t\t<\/div>\n\t\t\t\t<\/div>\n\t\t\t\t<div class=\"elementor-element elementor-element-ed2e101 elementor-invisible elementor-widget elementor-widget-text-editor\" data-id=\"ed2e101\" data-element_type=\"widget\" data-settings=\"{&quot;_animation&quot;:&quot;slideInLeft&quot;,&quot;_animation_delay&quot;:100}\" data-widget_type=\"text-editor.default\">\n\t\t\t\t<div class=\"elementor-widget-container\">\n\t\t\t\t\t\t\t\t\t<p>Es una empresa la cual provee el servicio de Internet a los hogares\u00a0 y empresas colombianas, ubicada en la ciudad de Bogot\u00e1 desde el a\u00f1o 2017.\u00a0<\/p>\t\t\t\t\t\t\t\t<\/div>\n\t\t\t\t<\/div>\n\t\t\t\t<div class=\"elementor-element elementor-element-e2bab12 elementor-position-left elementor-view-framed elementor-shape-square elementor-mobile-position-top elementor-invisible elementor-widget elementor-widget-icon-box\" data-id=\"e2bab12\" data-element_type=\"widget\" data-settings=\"{&quot;_animation&quot;:&quot;slideInLeft&quot;,&quot;_animation_delay&quot;:200}\" data-widget_type=\"icon-box.default\">\n\t\t\t\t<div class=\"elementor-widget-container\">\n\t\t\t\t\t\t\t<div class=\"elementor-icon-box-wrapper\">\n\n\t\t\t\t\t\t<div class=\"elementor-icon-box-icon\">\n\t\t\t\t<span  class=\"elementor-icon\">\n\t\t\t\t\t\t\t\t<\/span>\n\t\t\t<\/div>\n\t\t\t\n\t\t\t\t\t\t<div class=\"elementor-icon-box-content\">\n\n\t\t\t\t\n\t\t\t\t\t\t\t\t\t<p class=\"elementor-icon-box-description\">\n\t\t\t\t\t\tMISI\u00d3N \t\t\t\t\t<\/p>\n\t\t\t\t\n\t\t\t<\/div>\n\t\t\t\n\t\t<\/div>\n\t\t\t\t\t\t<\/div>\n\t\t\t\t<\/div>\n\t\t\t\t<div class=\"elementor-element elementor-element-67e8963 elementor-invisible elementor-widget elementor-widget-text-editor\" data-id=\"67e8963\" data-element_type=\"widget\" data-settings=\"{&quot;_animation&quot;:&quot;slideInLeft&quot;,&quot;_animation_delay&quot;:200}\" data-widget_type=\"text-editor.default\">\n\t\t\t\t<div class=\"elementor-widget-container\">\n\t\t\t\t\t\t\t\t\t<p>Llevar a los hogares\u00a0 un servicio de la m\u00e1s alta calidad, cumpliendo los est\u00e1ndares que garanticen el correcto funcionamiento e implementaci\u00f3n de nuestros productos y as\u00ed poder satisfacer las necesidades, que requieren nuestros clientes, siendo as\u00ed un puente que garantice la conectividad que requieren los tiempos modernos.<\/p>\t\t\t\t\t\t\t\t<\/div>\n\t\t\t\t<\/div>\n\t\t\t\t<div class=\"elementor-element elementor-element-4cd4ccd elementor-position-left elementor-view-framed elementor-shape-square elementor-mobile-position-top elementor-invisible elementor-widget elementor-widget-icon-box\" data-id=\"4cd4ccd\" data-element_type=\"widget\" data-settings=\"{&quot;_animation&quot;:&quot;slideInLeft&quot;,&quot;_animation_delay&quot;:200}\" data-widget_type=\"icon-box.default\">\n\t\t\t\t<div class=\"elementor-widget-container\">\n\t\t\t\t\t\t\t<div class=\"elementor-icon-box-wrapper\">\n\n\t\t\t\t\t\t<div class=\"elementor-icon-box-icon\">\n\t\t\t\t<span  class=\"elementor-icon\">\n\t\t\t\t\t\t\t\t<\/span>\n\t\t\t<\/div>\n\t\t\t\n\t\t\t\t\t\t<div class=\"elementor-icon-box-content\">\n\n\t\t\t\t\n\t\t\t\t\t\t\t\t\t<p class=\"elementor-icon-box-description\">\n\t\t\t\t\t\tVISI\u00d3N\t\t\t\t\t<\/p>\n\t\t\t\t\n\t\t\t<\/div>\n\t\t\t\n\t\t<\/div>\n\t\t\t\t\t\t<\/div>\n\t\t\t\t<\/div>\n\t\t\t\t<div class=\"elementor-element elementor-element-140e48b elementor-invisible elementor-widget elementor-widget-text-editor\" data-id=\"140e48b\" data-element_type=\"widget\" data-settings=\"{&quot;_animation&quot;:&quot;slideInLeft&quot;,&quot;_animation_delay&quot;:300}\" data-widget_type=\"text-editor.default\">\n\t\t\t\t<div class=\"elementor-widget-container\">\n\t\t\t\t\t\t\t\t\t<p>La visi\u00f3n de CLIK TELECOMUNICACIONES es posicionarse a nivel Bogot\u00e1 para el a\u00f1o 2030, siendo una empresa reconocida a nivel nacional como una de las mejores empresas proveedoras de servicios de internet con cobertura a nivel nacional, reconocida por su servicio.<\/p>\t\t\t\t\t\t\t\t<\/div>\n\t\t\t\t<\/div>\n\t\t\t\t\t<\/div>\n\t\t<\/div>\n\t\t\t\t<div class=\"elementor-column elementor-col-50 elementor-top-column elementor-element elementor-element-422fcea\" data-id=\"422fcea\" data-element_type=\"column\">\n\t\t\t<div class=\"elementor-widget-wrap elementor-element-populated\">\n\t\t\t\t\t\t<div class=\"elementor-element elementor-element-44fc4b8 elementor-invisible elementor-widget elementor-widget-image\" data-id=\"44fc4b8\" data-element_type=\"widget\" data-settings=\"{&quot;_animation&quot;:&quot;slideInRight&quot;}\" data-widget_type=\"image.default\">\n\t\t\t\t<div class=\"elementor-widget-container\">\n\t\t\t\t\t\t\t\t\t\t\t\t\t\t\t<img decoding=\"async\" width=\"903\" height=\"1024\" src=\"https:\/\/cliktelecomunicaciones.com.co\/wp-content\/uploads\/2021\/10\/illustration-9-903x1024.png\" class=\"attachment-large size-large wp-image-311\" alt=\"\" srcset=\"https:\/\/cliktelecomunicaciones.com.co\/wp-content\/uploads\/2021\/10\/illustration-9-903x1024.png 903w, https:\/\/cliktelecomunicaciones.com.co\/wp-content\/uploads\/2021\/10\/illustration-9-265x300.png 265w, https:\/\/cliktelecomunicaciones.com.co\/wp-content\/uploads\/2021\/10\/illustration-9-768x871.png 768w, https:\/\/cliktelecomunicaciones.com.co\/wp-content\/uploads\/2021\/10\/illustration-9-1355x1536.png 1355w, https:\/\/cliktelecomunicaciones.com.co\/wp-content\/uploads\/2021\/10\/illustration-9.png 1621w\" sizes=\"(max-width: 903px) 100vw, 903px\" \/>\t\t\t\t\t\t\t\t\t\t\t\t\t\t\t<\/div>\n\t\t\t\t<\/div>\n\t\t\t\t\t<\/div>\n\t\t<\/div>\n\t\t\t\t\t<\/div>\n\t\t<\/section>\n\t\t\t\t<section class=\"elementor-section elementor-top-section elementor-element elementor-element-6562c7b elementor-section-full_width elementor-section-height-default elementor-section-height-default wpr-particle-no wpr-jarallax-no wpr-parallax-no wpr-sticky-section-no\" data-id=\"6562c7b\" data-element_type=\"section\">\n\t\t\t\t\t\t<div class=\"elementor-container elementor-column-gap-no\">\n\t\t\t\t\t<div class=\"elementor-column elementor-col-100 elementor-top-column elementor-element elementor-element-17998bd\" data-id=\"17998bd\" data-element_type=\"column\">\n\t\t\t<div class=\"elementor-widget-wrap elementor-element-populated\">\n\t\t\t\t\t\t<div class=\"elementor-element elementor-element-0d00eb2 elementor-widget-divider--view-line elementor-widget elementor-widget-divider\" data-id=\"0d00eb2\" data-element_type=\"widget\" data-widget_type=\"divider.default\">\n\t\t\t\t<div class=\"elementor-widget-container\">\n\t\t\t\t\t\t\t<div class=\"elementor-divider\">\n\t\t\t<span class=\"elementor-divider-separator\">\n\t\t\t\t\t\t<\/span>\n\t\t<\/div>\n\t\t\t\t\t\t<\/div>\n\t\t\t\t<\/div>\n\t\t\t\t\t<\/div>\n\t\t<\/div>\n\t\t\t\t\t<\/div>\n\t\t<\/section>\n\t\t\t\t<\/div>\n\t\t","protected":false},"excerpt":{"rendered":"<p>Clik Comunicaciones Es una empresa la cual provee el servicio de Internet a los hogares\u00a0 y empresas colombianas, ubicada en la ciudad de Bogot\u00e1 desde el a\u00f1o 2017.\u00a0 MISI\u00d3N Llevar a los hogares\u00a0 un servicio de la m\u00e1s alta calidad, cumpliendo los est\u00e1ndares que garanticen el correcto funcionamiento e implementaci\u00f3n de nuestros productos y as\u00ed poder satisfacer las necesidades, que requieren nuestros clientes, siendo as\u00ed un puente que garantice la conectividad que requieren los tiempos modernos. VISI\u00d3N La visi\u00f3n de CLIK TELECOMUNICACIONES es posicionarse a nivel Bogot\u00e1 para el a\u00f1o 2030, siendo una empresa reconocida a nivel nacional como una de las mejores empresas proveedoras de servicios de internet con cobertura a nivel nacional, reconocida por su servicio.<\/p>\n","protected":false},"author":1,"featured_media":0,"parent":0,"menu_order":0,"comment_status":"closed","ping_status":"closed","template":"elementor_canvas","meta":{"_joinchat":[],"footnotes":""},"class_list":["post-831","page","type-page","status-publish","hentry"],"_links":{"self":[{"href":"https:\/\/cliktelecomunicaciones.com.co\/index.php?rest_route=\/wp\/v2\/pages\/831","targetHints":{"allow":["GET"]}}],"collection":[{"href":"https:\/\/cliktelecomunicaciones.com.co\/index.php?rest_route=\/wp\/v2\/pages"}],"about":[{"href":"https:\/\/cliktelecomunicaciones.com.co\/index.php?rest_route=\/wp\/v2\/types\/page"}],"author":[{"embeddable":true,"href":"https:\/\/cliktelecomunicaciones.com.co\/index.php?rest_route=\/wp\/v2\/users\/1"}],"replies":[{"embeddable":true,"href":"https:\/\/cliktelecomunicaciones.com.co\/index.php?rest_route=%2Fwp%2Fv2%2Fcomments&post=831"}],"version-history":[{"count":21,"href":"https:\/\/cliktelecomunicaciones.com.co\/index.php?rest_route=\/wp\/v2\/pages\/831\/revisions"}],"predecessor-version":[{"id":5464,"href":"https:\/\/cliktelecomunicaciones.com.co\/index.php?rest_route=\/wp\/v2\/pages\/831\/revisions\/5464"}],"wp:attachment":[{"href":"https:\/\/cliktelecomunicaciones.com.co\/index.php?rest_route=%2Fwp%2Fv2%2Fmedia&parent=831"}],"curies":[{"name":"wp","href":"https:\/\/api.w.org\/{rel}","templated":true}]}}