{"id":1381,"date":"2021-11-01T08:05:19","date_gmt":"2021-11-01T13:05:19","guid":{"rendered":"https:\/\/demosites.royal-elementor-addons.com\/cryptocurrency-v1\/?page_id=1381"},"modified":"2025-11-11T09:15:00","modified_gmt":"2025-11-11T14:15:00","slug":"pago","status":"publish","type":"page","link":"https:\/\/cliktelecomunicaciones.com.co\/?page_id=1381","title":{"rendered":"Pago"},"content":{"rendered":"\t\t<div data-elementor-type=\"wp-page\" data-elementor-id=\"1381\" class=\"elementor elementor-1381\">\n\t\t\t\t\t\t<section class=\"elementor-section elementor-top-section elementor-element elementor-element-39c182b elementor-section-full_width elementor-section-height-default elementor-section-height-default wpr-particle-no wpr-jarallax-no wpr-parallax-no wpr-sticky-section-no\" data-id=\"39c182b\" data-element_type=\"section\">\n\t\t\t\t\t\t<div class=\"elementor-container elementor-column-gap-default\">\n\t\t\t\t\t<div class=\"elementor-column elementor-col-100 elementor-top-column elementor-element elementor-element-4f8e4bb\" data-id=\"4f8e4bb\" data-element_type=\"column\">\n\t\t\t<div class=\"elementor-widget-wrap elementor-element-populated\">\n\t\t\t\t\t\t<div class=\"elementor-element elementor-element-5eb8395 elementor-widget__width-initial elementor-widget elementor-widget-image\" data-id=\"5eb8395\" data-element_type=\"widget\" data-widget_type=\"image.default\">\n\t\t\t\t<div class=\"elementor-widget-container\">\n\t\t\t\t\t\t\t\t\t\t\t\t\t\t\t<img fetchpriority=\"high\" decoding=\"async\" width=\"1280\" height=\"291\" src=\"https:\/\/cliktelecomunicaciones.com.co\/wp-content\/uploads\/2021\/12\/PHOTO-2025-04-09-23-20-11.jpg\" class=\"attachment-full size-full wp-image-5234\" alt=\"\" srcset=\"https:\/\/cliktelecomunicaciones.com.co\/wp-content\/uploads\/2021\/12\/PHOTO-2025-04-09-23-20-11.jpg 1280w, https:\/\/cliktelecomunicaciones.com.co\/wp-content\/uploads\/2021\/12\/PHOTO-2025-04-09-23-20-11-300x68.jpg 300w, https:\/\/cliktelecomunicaciones.com.co\/wp-content\/uploads\/2021\/12\/PHOTO-2025-04-09-23-20-11-1024x233.jpg 1024w, https:\/\/cliktelecomunicaciones.com.co\/wp-content\/uploads\/2021\/12\/PHOTO-2025-04-09-23-20-11-768x175.jpg 768w, https:\/\/cliktelecomunicaciones.com.co\/wp-content\/uploads\/2021\/12\/PHOTO-2025-04-09-23-20-11-200x45.jpg 200w, https:\/\/cliktelecomunicaciones.com.co\/wp-content\/uploads\/2021\/12\/PHOTO-2025-04-09-23-20-11-24x5.jpg 24w, https:\/\/cliktelecomunicaciones.com.co\/wp-content\/uploads\/2021\/12\/PHOTO-2025-04-09-23-20-11-36x8.jpg 36w, https:\/\/cliktelecomunicaciones.com.co\/wp-content\/uploads\/2021\/12\/PHOTO-2025-04-09-23-20-11-48x11.jpg 48w\" sizes=\"(max-width: 1280px) 100vw, 1280px\" \/>\t\t\t\t\t\t\t\t\t\t\t\t\t\t\t<\/div>\n\t\t\t\t<\/div>\n\t\t\t\t\t<\/div>\n\t\t<\/div>\n\t\t\t\t\t<\/div>\n\t\t<\/section>\n\t\t\t\t<section class=\"elementor-section elementor-top-section elementor-element elementor-element-179da73 elementor-section-boxed elementor-section-height-default elementor-section-height-default wpr-particle-no wpr-jarallax-no wpr-parallax-no wpr-sticky-section-no\" data-id=\"179da73\" data-element_type=\"section\" data-settings=\"{&quot;shape_divider_top&quot;:&quot;mountains&quot;,&quot;shape_divider_bottom&quot;:&quot;mountains&quot;}\">\n\t\t\t\t\t<div class=\"elementor-shape elementor-shape-top\" aria-hidden=\"true\" data-negative=\"false\">\n\t\t\t<svg xmlns=\"http:\/\/www.w3.org\/2000\/svg\" viewBox=\"0 0 1000 100\" preserveAspectRatio=\"none\">\n\t<path class=\"elementor-shape-fill\" opacity=\"0.33\" d=\"M473,67.3c-203.9,88.3-263.1-34-320.3,0C66,119.1,0,59.7,0,59.7V0h1000v59.7 c0,0-62.1,26.1-94.9,29.3c-32.8,3.3-62.8-12.3-75.8-22.1C806,49.6,745.3,8.7,694.9,4.7S492.4,59,473,67.3z\"\/>\n\t<path class=\"elementor-shape-fill\" opacity=\"0.66\" d=\"M734,67.3c-45.5,0-77.2-23.2-129.1-39.1c-28.6-8.7-150.3-10.1-254,39.1 s-91.7-34.4-149.2,0C115.7,118.3,0,39.8,0,39.8V0h1000v36.5c0,0-28.2-18.5-92.1-18.5C810.2,18.1,775.7,67.3,734,67.3z\"\/>\n\t<path class=\"elementor-shape-fill\" d=\"M766.1,28.9c-200-57.5-266,65.5-395.1,19.5C242,1.8,242,5.4,184.8,20.6C128,35.8,132.3,44.9,89.9,52.5C28.6,63.7,0,0,0,0 h1000c0,0-9.9,40.9-83.6,48.1S829.6,47,766.1,28.9z\"\/>\n<\/svg>\t\t<\/div>\n\t\t\t\t<div class=\"elementor-shape elementor-shape-bottom\" aria-hidden=\"true\" data-negative=\"false\">\n\t\t\t<svg xmlns=\"http:\/\/www.w3.org\/2000\/svg\" viewBox=\"0 0 1000 100\" preserveAspectRatio=\"none\">\n\t<path class=\"elementor-shape-fill\" opacity=\"0.33\" d=\"M473,67.3c-203.9,88.3-263.1-34-320.3,0C66,119.1,0,59.7,0,59.7V0h1000v59.7 c0,0-62.1,26.1-94.9,29.3c-32.8,3.3-62.8-12.3-75.8-22.1C806,49.6,745.3,8.7,694.9,4.7S492.4,59,473,67.3z\"\/>\n\t<path class=\"elementor-shape-fill\" opacity=\"0.66\" d=\"M734,67.3c-45.5,0-77.2-23.2-129.1-39.1c-28.6-8.7-150.3-10.1-254,39.1 s-91.7-34.4-149.2,0C115.7,118.3,0,39.8,0,39.8V0h1000v36.5c0,0-28.2-18.5-92.1-18.5C810.2,18.1,775.7,67.3,734,67.3z\"\/>\n\t<path class=\"elementor-shape-fill\" d=\"M766.1,28.9c-200-57.5-266,65.5-395.1,19.5C242,1.8,242,5.4,184.8,20.6C128,35.8,132.3,44.9,89.9,52.5C28.6,63.7,0,0,0,0 h1000c0,0-9.9,40.9-83.6,48.1S829.6,47,766.1,28.9z\"\/>\n<\/svg>\t\t<\/div>\n\t\t\t\t\t<div class=\"elementor-container elementor-column-gap-default\">\n\t\t\t\t\t<div class=\"elementor-column elementor-col-33 elementor-top-column elementor-element elementor-element-8bdec1b\" data-id=\"8bdec1b\" data-element_type=\"column\">\n\t\t\t<div class=\"elementor-widget-wrap elementor-element-populated\">\n\t\t\t\t\t\t<div class=\"elementor-element elementor-element-9e3c1b2 elementor-widget elementor-widget-image\" data-id=\"9e3c1b2\" data-element_type=\"widget\" data-widget_type=\"image.default\">\n\t\t\t\t<div class=\"elementor-widget-container\">\n\t\t\t\t\t\t\t\t\t\t\t\t\t\t\t<img decoding=\"async\" width=\"236\" height=\"236\" src=\"https:\/\/cliktelecomunicaciones.com.co\/wp-content\/uploads\/2021\/12\/r2.jpg\" class=\"attachment-large size-large wp-image-5355\" alt=\"\" srcset=\"https:\/\/cliktelecomunicaciones.com.co\/wp-content\/uploads\/2021\/12\/r2.jpg 236w, https:\/\/cliktelecomunicaciones.com.co\/wp-content\/uploads\/2021\/12\/r2-150x150.jpg 150w, https:\/\/cliktelecomunicaciones.com.co\/wp-content\/uploads\/2021\/12\/r2-200x200.jpg 200w, https:\/\/cliktelecomunicaciones.com.co\/wp-content\/uploads\/2021\/12\/r2-24x24.jpg 24w, https:\/\/cliktelecomunicaciones.com.co\/wp-content\/uploads\/2021\/12\/r2-36x36.jpg 36w, https:\/\/cliktelecomunicaciones.com.co\/wp-content\/uploads\/2021\/12\/r2-48x48.jpg 48w\" sizes=\"(max-width: 236px) 100vw, 236px\" \/>\t\t\t\t\t\t\t\t\t\t\t\t\t\t\t<\/div>\n\t\t\t\t<\/div>\n\t\t\t\t\t<\/div>\n\t\t<\/div>\n\t\t\t\t<div class=\"elementor-column elementor-col-33 elementor-top-column elementor-element elementor-element-d207f42\" data-id=\"d207f42\" data-element_type=\"column\">\n\t\t\t<div class=\"elementor-widget-wrap elementor-element-populated\">\n\t\t\t\t\t\t<section class=\"elementor-section elementor-inner-section elementor-element elementor-element-bbf901b elementor-section-boxed elementor-section-height-default elementor-section-height-default wpr-particle-no wpr-jarallax-no wpr-parallax-no wpr-sticky-section-no\" data-id=\"bbf901b\" data-element_type=\"section\">\n\t\t\t\t\t\t<div class=\"elementor-container elementor-column-gap-default\">\n\t\t\t\t\t<div class=\"elementor-column elementor-col-100 elementor-inner-column elementor-element elementor-element-244ea95\" data-id=\"244ea95\" data-element_type=\"column\">\n\t\t\t<div class=\"elementor-widget-wrap elementor-element-populated\">\n\t\t\t\t\t\t<div class=\"elementor-element elementor-element-8a86b75 elementor-widget elementor-widget-image\" data-id=\"8a86b75\" data-element_type=\"widget\" data-widget_type=\"image.default\">\n\t\t\t\t<div class=\"elementor-widget-container\">\n\t\t\t\t\t\t\t\t\t\t\t\t<figure class=\"wp-caption\">\n\t\t\t\t\t\t\t\t\t\t\t<a href=\"https:\/\/pagos.onepay.la\/clik-telecomunicaciones\" target=\"_blank\" rel=\"nofollow\">\n\t\t\t\t\t\t\t<img decoding=\"async\" width=\"150\" height=\"150\" src=\"https:\/\/cliktelecomunicaciones.com.co\/wp-content\/uploads\/2024\/11\/pse-logo-B9F0EF77DD-seeklogo.com_-150x150.png\" class=\"attachment-thumbnail size-thumbnail wp-image-4022\" alt=\"\" srcset=\"https:\/\/cliktelecomunicaciones.com.co\/wp-content\/uploads\/2024\/11\/pse-logo-B9F0EF77DD-seeklogo.com_-150x150.png 150w, https:\/\/cliktelecomunicaciones.com.co\/wp-content\/uploads\/2024\/11\/pse-logo-B9F0EF77DD-seeklogo.com_-200x200.png 200w, https:\/\/cliktelecomunicaciones.com.co\/wp-content\/uploads\/2024\/11\/pse-logo-B9F0EF77DD-seeklogo.com_-24x24.png 24w, https:\/\/cliktelecomunicaciones.com.co\/wp-content\/uploads\/2024\/11\/pse-logo-B9F0EF77DD-seeklogo.com_-36x36.png 36w, https:\/\/cliktelecomunicaciones.com.co\/wp-content\/uploads\/2024\/11\/pse-logo-B9F0EF77DD-seeklogo.com_-48x48.png 48w, https:\/\/cliktelecomunicaciones.com.co\/wp-content\/uploads\/2024\/11\/pse-logo-B9F0EF77DD-seeklogo.com_.png 300w\" sizes=\"(max-width: 150px) 100vw, 150px\" \/>\t\t\t\t\t\t\t\t<\/a>\n\t\t\t\t\t\t\t\t\t\t\t<figcaption class=\"widget-image-caption wp-caption-text\">Haz Clic en el Boton Para Pagar<\/figcaption>\n\t\t\t\t\t\t\t\t\t\t<\/figure>\n\t\t\t\t\t\t\t\t\t<\/div>\n\t\t\t\t<\/div>\n\t\t\t\t<div class=\"elementor-element elementor-element-785b604 elementor-widget elementor-widget-text-editor\" data-id=\"785b604\" data-element_type=\"widget\" data-widget_type=\"text-editor.default\">\n\t\t\t\t<div class=\"elementor-widget-container\">\n\t\t\t\t\t\t\t\t\t<p>Pagar tus facturas desde la Internet, pas\u00f3 de ser una alternativa a convertirse en una necesidad y un hecho del d\u00eda a d\u00eda. Esto es posible gracias a las m\u00faltiples ventajas que ofrece y al exponencial crecimiento tecnol\u00f3gico que vivimos hoy en d\u00eda.<\/p><p><b>PSE (o Pagos Seguros en L\u00ednea), esta opci\u00f3n de pago por internet nos ayuda ahorrar tiempo y esfuerzo.<\/b>\u00a0Asimismo, la plataforma le da un parte de seguridad al garantizar transparencia y agilidad en todas sus transacciones evitando as\u00ed el fraude o el robo de identidad gracias a sus transacciones electr\u00f3nicas con productos innovadores y pr\u00e1cticos.\u00a0<\/p>\t\t\t\t\t\t\t\t<\/div>\n\t\t\t\t<\/div>\n\t\t\t\t\t<\/div>\n\t\t<\/div>\n\t\t\t\t\t<\/div>\n\t\t<\/section>\n\t\t\t\t\t<\/div>\n\t\t<\/div>\n\t\t\t\t<div class=\"elementor-column elementor-col-33 elementor-top-column elementor-element elementor-element-ca1f184\" data-id=\"ca1f184\" data-element_type=\"column\">\n\t\t\t<div class=\"elementor-widget-wrap elementor-element-populated\">\n\t\t\t\t\t\t<div class=\"elementor-element elementor-element-99c7a49 elementor-widget elementor-widget-image\" data-id=\"99c7a49\" data-element_type=\"widget\" data-widget_type=\"image.default\">\n\t\t\t\t<div class=\"elementor-widget-container\">\n\t\t\t\t\t\t\t\t\t\t\t\t\t\t\t<img loading=\"lazy\" decoding=\"async\" width=\"236\" height=\"236\" src=\"https:\/\/cliktelecomunicaciones.com.co\/wp-content\/uploads\/2021\/12\/r4.jpg\" class=\"attachment-large size-large wp-image-5353\" alt=\"\" srcset=\"https:\/\/cliktelecomunicaciones.com.co\/wp-content\/uploads\/2021\/12\/r4.jpg 236w, https:\/\/cliktelecomunicaciones.com.co\/wp-content\/uploads\/2021\/12\/r4-150x150.jpg 150w, https:\/\/cliktelecomunicaciones.com.co\/wp-content\/uploads\/2021\/12\/r4-200x200.jpg 200w, https:\/\/cliktelecomunicaciones.com.co\/wp-content\/uploads\/2021\/12\/r4-24x24.jpg 24w, https:\/\/cliktelecomunicaciones.com.co\/wp-content\/uploads\/2021\/12\/r4-36x36.jpg 36w, https:\/\/cliktelecomunicaciones.com.co\/wp-content\/uploads\/2021\/12\/r4-48x48.jpg 48w, https:\/\/cliktelecomunicaciones.com.co\/wp-content\/uploads\/2021\/12\/elementor\/thumbs\/r4-r4er97jtgefou0eormhr88srqmprpjabjf0kjf81yc.jpg 10w, https:\/\/cliktelecomunicaciones.com.co\/wp-content\/uploads\/2021\/12\/elementor\/thumbs\/r4-r4er97jtxxy9h7o6j6u82oc45kef68klw4umzzexys.jpg 50w\" sizes=\"(max-width: 236px) 100vw, 236px\" \/>\t\t\t\t\t\t\t\t\t\t\t\t\t\t\t<\/div>\n\t\t\t\t<\/div>\n\t\t\t\t\t<\/div>\n\t\t<\/div>\n\t\t\t\t\t<\/div>\n\t\t<\/section>\n\t\t\t\t<\/div>\n\t\t","protected":false},"excerpt":{"rendered":"<p>Haz Clic en el Boton Para Pagar Pagar tus facturas desde la Internet, pas\u00f3 de ser una alternativa a convertirse en una necesidad y un hecho del d\u00eda a d\u00eda. Esto es posible gracias a las m\u00faltiples ventajas que ofrece y al exponencial crecimiento tecnol\u00f3gico que vivimos hoy en d\u00eda. PSE (o Pagos Seguros en L\u00ednea), esta opci\u00f3n de pago por internet nos ayuda ahorrar tiempo y esfuerzo.\u00a0Asimismo, la plataforma le da un parte de seguridad al garantizar transparencia y agilidad en todas sus transacciones evitando as\u00ed el fraude o el robo de identidad gracias a sus transacciones electr\u00f3nicas con productos innovadores y pr\u00e1cticos.\u00a0<\/p>\n","protected":false},"author":1,"featured_media":0,"parent":0,"menu_order":0,"comment_status":"closed","ping_status":"closed","template":"","meta":{"_joinchat":[],"footnotes":""},"class_list":["post-1381","page","type-page","status-publish","hentry"],"_links":{"self":[{"href":"https:\/\/cliktelecomunicaciones.com.co\/index.php?rest_route=\/wp\/v2\/pages\/1381","targetHints":{"allow":["GET"]}}],"collection":[{"href":"https:\/\/cliktelecomunicaciones.com.co\/index.php?rest_route=\/wp\/v2\/pages"}],"about":[{"href":"https:\/\/cliktelecomunicaciones.com.co\/index.php?rest_route=\/wp\/v2\/types\/page"}],"author":[{"embeddable":true,"href":"https:\/\/cliktelecomunicaciones.com.co\/index.php?rest_route=\/wp\/v2\/users\/1"}],"replies":[{"embeddable":true,"href":"https:\/\/cliktelecomunicaciones.com.co\/index.php?rest_route=%2Fwp%2Fv2%2Fcomments&post=1381"}],"version-history":[{"count":63,"href":"https:\/\/cliktelecomunicaciones.com.co\/index.php?rest_route=\/wp\/v2\/pages\/1381\/revisions"}],"predecessor-version":[{"id":5678,"href":"https:\/\/cliktelecomunicaciones.com.co\/index.php?rest_route=\/wp\/v2\/pages\/1381\/revisions\/5678"}],"wp:attachment":[{"href":"https:\/\/cliktelecomunicaciones.com.co\/index.php?rest_route=%2Fwp%2Fv2%2Fmedia&parent=1381"}],"curies":[{"name":"wp","href":"https:\/\/api.w.org\/{rel}","templated":true}]}}